{"id":23765,"date":"2023-11-08T06:38:33","date_gmt":"2023-11-08T06:38:33","guid":{"rendered":"https:\/\/miaviptour.com\/?page_id=23765"},"modified":"2023-11-08T07:06:09","modified_gmt":"2023-11-08T07:06:09","slug":"hizmetlerimiz","status":"publish","type":"page","link":"https:\/\/miaviptour.com\/en\/hizmetlerimiz\/","title":{"rendered":"Services"},"content":{"rendered":"<div data-elementor-type=\"wp-post\" data-elementor-id=\"23765\" class=\"elementor elementor-23765\" data-elementor-post-type=\"page\">\n\t\t\t\t\t\t\t<div class=\"elementor-element elementor-element-afd47cd e-flex e-con-boxed e-con e-parent\" data-id=\"afd47cd\" data-element_type=\"container\" data-settings=\"{&quot;content_width&quot;:&quot;boxed&quot;}\" data-core-v316-plus=\"true\">\n\t\t\t\t\t<div class=\"e-con-inner\">\n\t\t\t\t<div class=\"elementor-element elementor-element-460e096 elementor-widget elementor-widget-heading\" data-id=\"460e096\" data-element_type=\"widget\" data-widget_type=\"heading.default\">\n\t\t\t\t<div class=\"elementor-widget-container\">\n\t\t\t<style>\/*! elementor - v3.17.0 - 01-11-2023 *\/\n.elementor-heading-title{padding:0;margin:0;line-height:1}.elementor-widget-heading .elementor-heading-title[class*=elementor-size-]>a{color:inherit;font-size:inherit;line-height:inherit}.elementor-widget-heading .elementor-heading-title.elementor-size-small{font-size:15px}.elementor-widget-heading .elementor-heading-title.elementor-size-medium{font-size:19px}.elementor-widget-heading .elementor-heading-title.elementor-size-large{font-size:29px}.elementor-widget-heading .elementor-heading-title.elementor-size-xl{font-size:39px}.elementor-widget-heading .elementor-heading-title.elementor-size-xxl{font-size:59px}<\/style><h2 class=\"elementor-heading-title elementor-size-default\">Services<\/h2>\t\t<\/div>\n\t\t\t\t<\/div>\n\t\t\t\t<div class=\"elementor-element elementor-element-d56da34 elementor-widget elementor-widget-spacer\" data-id=\"d56da34\" data-element_type=\"widget\" data-widget_type=\"spacer.default\">\n\t\t\t\t<div class=\"elementor-widget-container\">\n\t\t\t<style>\/*! elementor - v3.17.0 - 01-11-2023 *\/\n.elementor-column .elementor-spacer-inner{height:var(--spacer-size)}.e-con{--container-widget-width:100%}.e-con-inner>.elementor-widget-spacer,.e-con>.elementor-widget-spacer{width:var(--container-widget-width,var(--spacer-size));--align-self:var(--container-widget-align-self,initial);--flex-shrink:0}.e-con-inner>.elementor-widget-spacer>.elementor-widget-container,.e-con>.elementor-widget-spacer>.elementor-widget-container{height:100%;width:100%}.e-con-inner>.elementor-widget-spacer>.elementor-widget-container>.elementor-spacer,.e-con>.elementor-widget-spacer>.elementor-widget-container>.elementor-spacer{height:100%}.e-con-inner>.elementor-widget-spacer>.elementor-widget-container>.elementor-spacer>.elementor-spacer-inner,.e-con>.elementor-widget-spacer>.elementor-widget-container>.elementor-spacer>.elementor-spacer-inner{height:var(--container-widget-height,var(--spacer-size))}.e-con-inner>.elementor-widget-spacer.elementor-widget-empty,.e-con>.elementor-widget-spacer.elementor-widget-empty{position:relative;min-height:22px;min-width:22px}.e-con-inner>.elementor-widget-spacer.elementor-widget-empty .elementor-widget-empty-icon,.e-con>.elementor-widget-spacer.elementor-widget-empty .elementor-widget-empty-icon{position:absolute;top:0;bottom:0;left:0;right:0;margin:auto;padding:0;width:22px;height:22px}<\/style>\t\t<div class=\"elementor-spacer\">\n\t\t\t<div class=\"elementor-spacer-inner\"><\/div>\n\t\t<\/div>\n\t\t\t\t<\/div>\n\t\t\t\t<\/div>\n\t\t\t\t\t<\/div>\n\t\t\t\t<\/div>\n\t\t<div class=\"elementor-element elementor-element-f1a9d70 e-flex e-con-boxed e-con e-parent\" data-id=\"f1a9d70\" data-element_type=\"container\" data-settings=\"{&quot;content_width&quot;:&quot;boxed&quot;}\" data-core-v316-plus=\"true\">\n\t\t\t\t\t<div class=\"e-con-inner\">\n\t\t\t\t<div class=\"elementor-element elementor-element-d9e5468 elementor-widget elementor-widget-vehica_services_general_widget\" data-id=\"d9e5468\" data-element_type=\"widget\" data-settings=\"{&quot;box_border_radius&quot;:{&quot;unit&quot;:&quot;px&quot;,&quot;top&quot;:&quot;15&quot;,&quot;right&quot;:&quot;15&quot;,&quot;bottom&quot;:&quot;15&quot;,&quot;left&quot;:&quot;15&quot;,&quot;isLinked&quot;:true},&quot;box_border_radius_tablet&quot;:{&quot;unit&quot;:&quot;px&quot;,&quot;top&quot;:&quot;&quot;,&quot;right&quot;:&quot;&quot;,&quot;bottom&quot;:&quot;&quot;,&quot;left&quot;:&quot;&quot;,&quot;isLinked&quot;:true},&quot;box_border_radius_mobile&quot;:{&quot;unit&quot;:&quot;px&quot;,&quot;top&quot;:&quot;&quot;,&quot;right&quot;:&quot;&quot;,&quot;bottom&quot;:&quot;&quot;,&quot;left&quot;:&quot;&quot;,&quot;isLinked&quot;:true}}\" data-widget_type=\"vehica_services_general_widget.default\">\n\t\t\t\t<div class=\"elementor-widget-container\">\n\t\t\t<div class=\"vehica-services vehica-services__count-11\">\r\n            <div class=\"vehica-services__service-wrapper\">\r\n            <a\r\n                    class=\"vehica-services__service\"\r\n                    href=\"https:\/\/miaviptour.com\/en\/vip-vito-kiralama\/\"\r\n            >\r\n                                    <img decoding=\"async\"\r\n                            class=\"vehica-services__image\"\r\n                            src=\"https:\/\/miaviptour.com\/wp-content\/uploads\/2023\/11\/fuarorganizasyontransfer-1.jpg\"\r\n                            alt=\"VIP Vito Kiralama\"\r\n                    >\r\n                \r\n                                    <h3 class=\"vehica-services__name\">\r\n                        VIP Vito Rental                    <\/h3>\r\n                \r\n                                    <button class=\"vehica-button\">\r\n                        \u0130ncele                    <\/button>\r\n                            <\/a>\r\n        <\/div>\r\n            <div class=\"vehica-services__service-wrapper\">\r\n            <a\r\n                    class=\"vehica-services__service\"\r\n                    href=\"https:\/\/miaviptour.com\/en\/vip-transfer\/\"\r\n            >\r\n                                    <img decoding=\"async\"\r\n                            class=\"vehica-services__image\"\r\n                            src=\"https:\/\/miaviptour.com\/wp-content\/uploads\/2023\/11\/sehiriciviptransfer.jpg\"\r\n                            alt=\"VIP Transfer\"\r\n                    >\r\n                \r\n                                    <h3 class=\"vehica-services__name\">\r\n                        VIP Transfer                    <\/h3>\r\n                \r\n                                    <button class=\"vehica-button\">\r\n                        \u0130ncele                    <\/button>\r\n                            <\/a>\r\n        <\/div>\r\n            <div class=\"vehica-services__service-wrapper\">\r\n            <a\r\n                    class=\"vehica-services__service\"\r\n                    href=\"https:\/\/miaviptour.com\/en\/havaalani-transfer\/\"\r\n            >\r\n                                    <img decoding=\"async\"\r\n                            class=\"vehica-services__image\"\r\n                            src=\"https:\/\/miaviptour.com\/wp-content\/uploads\/2023\/11\/airport-terminal-2-scaled.jpg\"\r\n                            alt=\"Havaalan\u0131 Transfer\"\r\n                    >\r\n                \r\n                                    <h3 class=\"vehica-services__name\">\r\n                        Airport Transfer                    <\/h3>\r\n                \r\n                                    <button class=\"vehica-button\">\r\n                        \u0130ncele                    <\/button>\r\n                            <\/a>\r\n        <\/div>\r\n            <div class=\"vehica-services__service-wrapper\">\r\n            <a\r\n                    class=\"vehica-services__service\"\r\n                    href=\"https:\/\/miaviptour.com\/en\/kisiye-ozel-vip-transfer\/\"\r\n            >\r\n                                    <img decoding=\"async\"\r\n                            class=\"vehica-services__image\"\r\n                            src=\"https:\/\/miaviptour.com\/wp-content\/uploads\/2023\/11\/dimaondmia142.jpg\"\r\n                            alt=\"Ki\u015fiye \u00d6zel VIP Transfer\"\r\n                    >\r\n                \r\n                                    <h3 class=\"vehica-services__name\">\r\n                        Private VIP Transfer                    <\/h3>\r\n                \r\n                                    <button class=\"vehica-button\">\r\n                        \u0130ncele                    <\/button>\r\n                            <\/a>\r\n        <\/div>\r\n            <div class=\"vehica-services__service-wrapper\">\r\n            <a\r\n                    class=\"vehica-services__service\"\r\n                    href=\"https:\/\/miaviptour.com\/en\/soforlu-arac-kiralama\/\"\r\n            >\r\n                                    <img decoding=\"async\"\r\n                            class=\"vehica-services__image\"\r\n                            src=\"https:\/\/miaviptour.com\/wp-content\/uploads\/2023\/11\/soforluarackiralama.jpg\"\r\n                            alt=\"\u015eof\u00f6rl\u00fc Ara\u00e7 Kiralama\"\r\n                    >\r\n                \r\n                                    <h3 class=\"vehica-services__name\">\r\n                        Chauffeured Car Rental                    <\/h3>\r\n                \r\n                                    <button class=\"vehica-button\">\r\n                        \u0130ncele                    <\/button>\r\n                            <\/a>\r\n        <\/div>\r\n            <div class=\"vehica-services__service-wrapper\">\r\n            <a\r\n                    class=\"vehica-services__service\"\r\n                    href=\"https:\/\/miaviptour.com\/en\/is-toplantisi-arac-kiralama\/\"\r\n            >\r\n                                    <img decoding=\"async\"\r\n                            class=\"vehica-services__image\"\r\n                            src=\"https:\/\/miaviptour.com\/wp-content\/uploads\/2023\/11\/kurumsaltransfer.png\"\r\n                            alt=\"\u0130\u015f Toplant\u0131s\u0131 Ara\u00e7 Kiralama\"\r\n                    >\r\n                \r\n                                    <h3 class=\"vehica-services__name\">\r\n                        Car Rental for Business Meeting                    <\/h3>\r\n                \r\n                                    <button class=\"vehica-button\">\r\n                        \u0130ncele                    <\/button>\r\n                            <\/a>\r\n        <\/div>\r\n            <div class=\"vehica-services__service-wrapper\">\r\n            <a\r\n                    class=\"vehica-services__service\"\r\n                    href=\"https:\/\/miaviptour.com\/en\/kisiye-ozel-soforlu-arac-kiralama\/\"\r\n            >\r\n                                    <img decoding=\"async\"\r\n                            class=\"vehica-services__image\"\r\n                            src=\"https:\/\/miaviptour.com\/wp-content\/uploads\/2023\/11\/handsome-brunette-man-classy-suit-holding-his-carry-standing-by-taxi-cab-min-1-scaled.jpg\"\r\n                            alt=\"Ki\u015fiye \u00d6zel \u015eof\u00f6rl\u00fc Ara\u00e7 Kiralama\"\r\n                    >\r\n                \r\n                                    <h3 class=\"vehica-services__name\">\r\n                        Private Chauffeur Car Rental                    <\/h3>\r\n                \r\n                                    <button class=\"vehica-button\">\r\n                        \u0130ncele                    <\/button>\r\n                            <\/a>\r\n        <\/div>\r\n            <div class=\"vehica-services__service-wrapper\">\r\n            <a\r\n                    class=\"vehica-services__service\"\r\n                    href=\"https:\/\/miaviptour.com\/en\/sehir-ici-sehir-disi-seyehat\/\"\r\n            >\r\n                                    <img decoding=\"async\"\r\n                            class=\"vehica-services__image\"\r\n                            src=\"https:\/\/miaviptour.com\/wp-content\/uploads\/2023\/11\/turistikgezivipara-1.jpg\"\r\n                            alt=\"\u015eehir \u0130\u00e7i \u2013 \u015eehir D\u0131\u015f\u0131 Seyehat\"\r\n                    >\r\n                \r\n                                    <h3 class=\"vehica-services__name\">\r\n                        Local - International Travel                    <\/h3>\r\n                \r\n                                    <button class=\"vehica-button\">\r\n                        \u0130ncele                    <\/button>\r\n                            <\/a>\r\n        <\/div>\r\n            <div class=\"vehica-services__service-wrapper\">\r\n            <a\r\n                    class=\"vehica-services__service\"\r\n                    href=\"https:\/\/miaviptour.com\/en\/yat-kiralama\/\"\r\n            >\r\n                                    <img decoding=\"async\"\r\n                            class=\"vehica-services__image\"\r\n                            src=\"https:\/\/miaviptour.com\/wp-content\/uploads\/2023\/11\/luxury-big-yacht-stay-sea-around-island-background-sky-1-scaled.jpg\"\r\n                            alt=\"Yat Kiralama\"\r\n                    >\r\n                \r\n                                    <h3 class=\"vehica-services__name\">\r\n                        Yacht Charter                    <\/h3>\r\n                \r\n                                    <button class=\"vehica-button\">\r\n                        \u0130ncele                    <\/button>\r\n                            <\/a>\r\n        <\/div>\r\n            <div class=\"vehica-services__service-wrapper\">\r\n            <a\r\n                    class=\"vehica-services__service\"\r\n                    href=\"https:\/\/miaviptour.com\/en\/vip-sedan-arac-kiralama\/\"\r\n            >\r\n                                    <img decoding=\"async\"\r\n                            class=\"vehica-services__image\"\r\n                            src=\"https:\/\/miaviptour.com\/wp-content\/uploads\/2023\/11\/silver-luxury-sport-car-port-1-scaled.jpg\"\r\n                            alt=\"VIP Sedan Ara\u00e7 Kiralama\"\r\n                    >\r\n                \r\n                                    <h3 class=\"vehica-services__name\">\r\n                        VIP Sedan Car Rental                    <\/h3>\r\n                \r\n                                    <button class=\"vehica-button\">\r\n                        \u0130ncele                    <\/button>\r\n                            <\/a>\r\n        <\/div>\r\n            <div class=\"vehica-services__service-wrapper\">\r\n            <a\r\n                    class=\"vehica-services__service\"\r\n                    href=\"https:\/\/miaviptour.com\/en\/ucak-bileti-ve-otel-rezervasyonu\/\"\r\n            >\r\n                                    <img decoding=\"async\"\r\n                            class=\"vehica-services__image\"\r\n                            src=\"https:\/\/miaviptour.com\/wp-content\/uploads\/2023\/11\/wooden-bridge-koh-nangyuan-island-surat-thani-thailand-1-scaled.jpg\"\r\n                            alt=\"U\u00e7ak Bileti ve Otel Rezervasyonu\"\r\n                    >\r\n                \r\n                                    <h3 class=\"vehica-services__name\">\r\n                        Flight Ticket and Hotel Reservation                    <\/h3>\r\n                \r\n                                    <button class=\"vehica-button\">\r\n                        \u0130ncele                    <\/button>\r\n                            <\/a>\r\n        <\/div>\r\n    <\/div>\r\n\t\t<\/div>\n\t\t\t\t<\/div>\n\t\t\t\t\t<\/div>\n\t\t\t\t<\/div>\n\t\t<div class=\"elementor-element elementor-element-54f130b e-flex e-con-boxed e-con e-parent\" data-id=\"54f130b\" data-element_type=\"container\" data-settings=\"{&quot;content_width&quot;:&quot;boxed&quot;}\" data-core-v316-plus=\"true\">\n\t\t\t\t\t<div class=\"e-con-inner\">\n\t\t\t\t<div class=\"elementor-element elementor-element-bf6954e elementor-widget elementor-widget-spacer\" data-id=\"bf6954e\" data-element_type=\"widget\" data-widget_type=\"spacer.default\">\n\t\t\t\t<div class=\"elementor-widget-container\">\n\t\t\t\t\t<div class=\"elementor-spacer\">\n\t\t\t<div class=\"elementor-spacer-inner\"><\/div>\n\t\t<\/div>\n\t\t\t\t<\/div>\n\t\t\t\t<\/div>\n\t\t\t\t\t<\/div>\n\t\t\t\t<\/div>\n\t\t\t\t\t\t\t<\/div>","protected":false},"excerpt":{"rendered":"<p>Hizmetlerimiz VIP Vito Kiralama \u0130ncele VIP Transfer \u0130ncele Havaalan\u0131 Transfer \u0130ncele Ki\u015fiye \u00d6zel VIP Transfer \u0130ncele \u015eof\u00f6rl\u00fc Ara\u00e7 Kiralama \u0130ncele \u0130\u015f Toplant\u0131s\u0131 Ara\u00e7 Kiralama \u0130ncele Ki\u015fiye \u00d6zel \u015eof\u00f6rl\u00fc Ara\u00e7 Kiralama \u0130ncele \u015eehir \u0130\u00e7i \u2013 \u015eehir D\u0131\u015f\u0131 Seyehat \u0130ncele Yat Kiralama \u0130ncele VIP Sedan Ara\u00e7 Kiralama \u0130ncele U\u00e7ak Bileti ve Otel Rezervasyonu \u0130ncele<\/p>","protected":false},"author":1,"featured_media":0,"parent":0,"menu_order":0,"comment_status":"closed","ping_status":"closed","template":"","meta":{"footnotes":""},"class_list":["post-23765","page","type-page","status-publish","hentry"],"_links":{"self":[{"href":"https:\/\/miaviptour.com\/en\/wp-json\/wp\/v2\/pages\/23765","targetHints":{"allow":["GET"]}}],"collection":[{"href":"https:\/\/miaviptour.com\/en\/wp-json\/wp\/v2\/pages"}],"about":[{"href":"https:\/\/miaviptour.com\/en\/wp-json\/wp\/v2\/types\/page"}],"author":[{"embeddable":true,"href":"https:\/\/miaviptour.com\/en\/wp-json\/wp\/v2\/users\/1"}],"replies":[{"embeddable":true,"href":"https:\/\/miaviptour.com\/en\/wp-json\/wp\/v2\/comments?post=23765"}],"version-history":[{"count":0,"href":"https:\/\/miaviptour.com\/en\/wp-json\/wp\/v2\/pages\/23765\/revisions"}],"wp:attachment":[{"href":"https:\/\/miaviptour.com\/en\/wp-json\/wp\/v2\/media?parent=23765"}],"curies":[{"name":"wp","href":"https:\/\/api.w.org\/{rel}","templated":true}]}}